{"id":987507614,"date":"2025-10-06T21:02:24","date_gmt":"2025-10-06T21:02:24","guid":{"rendered":"https:\/\/consultantsdynamique.com\/servicios-3\/"},"modified":"2025-11-18T17:54:23","modified_gmt":"2025-11-18T17:54:23","slug":"servicios-3","status":"publish","type":"page","link":"https:\/\/consultantsdynamique.com\/es\/servicios-3\/","title":{"rendered":"Servicios"},"content":{"rendered":"<p>[et_pb_section fb_built=\u00bb1&#8243; admin_label=\u00bbHeader\u00bb _builder_version=\u00bb4.27.4&#8243; _module_preset=\u00bbdefault\u00bb background_enable_color=\u00bboff\u00bb use_background_color_gradient=\u00bbon\u00bb background_color_gradient_stops=\u00bbgcid-e5f8a5e0-7de2-4011-9609-5214e9fc843b 6%|rgba(66, 114, 165, 1) 44%\u00bb background_color_gradient_overlays_image=\u00bbon\u00bb background_image=\u00bbhttps:\/\/consultantsdynamique.com\/wp-content\/uploads\/2025\/08\/Services-Heeader.jpg\u00bb background_blend=\u00bboverlay\u00bb width=\u00bb90%\u00bb max_width=\u00bb100%\u00bb module_alignment=\u00bbcenter\u00bb custom_margin=\u00bb50px||||false|false\u00bb custom_padding=\u00bb50px||50px||true|false\u00bb border_radii=\u00bbon|30px|30px|30px|30px\u00bb locked=\u00bboff\u00bb collapsed=\u00bbon\u00bb global_colors_info=\u00bb{%22gcid-e5f8a5e0-7de2-4011-9609-5214e9fc843b%22:%91%22background_color%22,%22background_color_gradient_stops%22%93,%22gcid-a6063fb5-35d6-44d7-a583-63c0f07d5341%22:%91%22background_color_gradient_stops%22%93}\u00bb][et_pb_row use_custom_gutter=\u00bbon\u00bb gutter_width=\u00bb1&#8243; make_equal=\u00bbon\u00bb _builder_version=\u00bb4.27.4&#8243; _module_preset=\u00bbdefault\u00bb background_enable_color=\u00bboff\u00bb background_enable_image=\u00bboff\u00bb background_size=\u00bbcontain\u00bb background_position=\u00bbbottom_left\u00bb width=\u00bb100%\u00bb max_width=\u00bb100%\u00bb custom_padding=\u00bb80px||80px||true|false\u00bb global_colors_info=\u00bb{%22gcid-bac250ae-b93a-40ef-9d3b-1bd98c64924f%22:%91%22background_color%22%93}\u00bb][et_pb_column type=\u00bb4_4&#8243; _builder_version=\u00bb4.27.4&#8243; _module_preset=\u00bbdefault\u00bb custom_padding=\u00bb|5%||5%|false|true\u00bb custom_css_main_element=\u00bbalign-self: center;\u00bb global_colors_info=\u00bb{}\u00bb][et_pb_text _builder_version=\u00bb4.27.4&#8243; _module_preset=\u00bba4b8f8ce-32d2-4f63-8e21-8fd44cae840c\u00bb header_2_text_color=\u00bb#FFFFFF\u00bb header_2_text_shadow_style=\u00bbpreset3&#8243; locked=\u00bboff\u00bb global_colors_info=\u00bb{}\u00bb]<\/p>\n<h2 style=\"text-align: center;\">Nuestras \u00e1reas de especializaci\u00f3n<br \/><\/h2>\n<p>[\/et_pb_text][et_pb_text _builder_version=\u00bb4.27.4&#8243; _module_preset=\u00bbdefault\u00bb text_font=\u00bbInter||||||||\u00bb text_text_color=\u00bb#FFFFFF\u00bb text_font_size=\u00bb1vw\u00bb text_font_size_tablet=\u00bb2vw\u00bb text_font_size_phone=\u00bb3.5vw\u00bb text_font_size_last_edited=\u00bbon|phone\u00bb global_colors_info=\u00bb{}\u00bb]<\/p>\n<p style=\"text-align: center;\">Estrategias personalizadas para ayudarle a comprender su reclamaci\u00f3n de indemnizaci\u00f3n y optimizar sus resultados.<\/p>\n<p>[\/et_pb_text][\/et_pb_column][\/et_pb_row][\/et_pb_section][et_pb_section fb_built=\u00bb1&#8243; admin_label=\u00bbHeader\u00bb _builder_version=\u00bb4.27.4&#8243; _module_preset=\u00bbdefault\u00bb background_enable_color=\u00bboff\u00bb background_enable_image=\u00bboff\u00bb width=\u00bb90%\u00bb width_tablet=\u00bb90%\u00bb width_phone=\u00bb100%\u00bb width_last_edited=\u00bbon|phone\u00bb max_width=\u00bb100%\u00bb module_alignment=\u00bbcenter\u00bb custom_margin=\u00bb50px||||false|false\u00bb custom_padding=\u00bb1px||1px||true|false\u00bb border_radii=\u00bbon|30px|30px|30px|30px\u00bb locked=\u00bboff\u00bb collapsed=\u00bbon\u00bb global_colors_info=\u00bb{%22gcid-e5f8a5e0-7de2-4011-9609-5214e9fc843b%22:%91%22background_color%22%93}\u00bb][et_pb_row use_custom_gutter=\u00bbon\u00bb gutter_width=\u00bb1&#8243; make_equal=\u00bbon\u00bb _builder_version=\u00bb4.27.4&#8243; _module_preset=\u00bbdefault\u00bb width=\u00bb100%\u00bb max_width=\u00bb100%\u00bb module_alignment=\u00bbcenter\u00bb custom_padding=\u00bb|15px||15px|false|true\u00bb locked=\u00bboff\u00bb global_colors_info=\u00bb{}\u00bb][et_pb_column type=\u00bb4_4&#8243; _builder_version=\u00bb4.18.0&#8243; _module_preset=\u00bbdefault\u00bb global_colors_info=\u00bb{}\u00bb][dnxte_advanced_tab hover_effect=\u00bbnone\u00bb tab_hover_effect=\u00bbsweep-to-top\u00bb tab_content_alignment=\u00bbcenter\u00bb tabs_min_width=\u00bb260px\u00bb tabs_max_width=\u00bb280px\u00bb tabs_item_alignment=\u00bbcenter\u00bb tab_icon_size=\u00bb14px\u00bb tab_icon_color=\u00bb#0C71C3&#8243; tab_icon_active_color=\u00bb#0C71C3&#8243; tab_wrapper_margin=\u00bb||50px||false|false\u00bb body_wrapper_margin=\u00bb||||false|false\u00bb body_wrapper_padding=\u00bb20px|0px|20px|0px|false|false\u00bb tab_container_bg_color=\u00bb#FFFFFF\u00bb tab_single_bg_color=\u00bb#FFFFFF\u00bb tab_active_bg_color=\u00bbgcid-f6d0a1ea-3315-4329-9025-0c6df8bb9294&#8243; _builder_version=\u00bb4.27.4&#8243; _module_preset=\u00bbdefault\u00bb tab_title_font=\u00bbSukhumvit Set Text|700|||||||\u00bb tab_title_text_align=\u00bbcenter\u00bb tab_title_text_color=\u00bbgcid-f6d0a1ea-3315-4329-9025-0c6df8bb9294&#8243; tab_title_font_size=\u00bb1vw\u00bb tab_active_title_font=\u00bbSukhumvit Bold||||||||\u00bb tab_active_title_text_align=\u00bbcenter\u00bb tab_active_title_text_color=\u00bb#FFFFFF\u00bb tab_active_title_font_size=\u00bb1vw\u00bb body_title_font=\u00bbRoboto||||||||\u00bb hover_enabled=\u00bb0&#8243; tab_title_font_size_tablet=\u00bb2.5vw\u00bb tab_title_font_size_phone=\u00bb4vw\u00bb tab_title_font_size_last_edited=\u00bbon|phone\u00bb tab_active_title_font_size_tablet=\u00bb2vw\u00bb tab_active_title_font_size_phone=\u00bb4vw\u00bb tab_active_title_font_size_last_edited=\u00bbon|phone\u00bb border_radii_tab=\u00bbon|100px|100px|100px|100px\u00bb border_width_all_tab=\u00bb1px\u00bb border_color_all_tab=\u00bbgcid-f6d0a1ea-3315-4329-9025-0c6df8bb9294&#8243; border_radii_tab_active=\u00bbon|100px|100px|100px|100px\u00bb border_color_bottom_tab_active=\u00bbRGBA(255,255,255,0)\u00bb global_colors_info=\u00bb{%22gcid-f6d0a1ea-3315-4329-9025-0c6df8bb9294%22:%91%22tab_active_bg_color%22,%22tab_title_text_color%22,%22border_color_all_tab%22%93}\u00bb sticky_enabled=\u00bb0&#8243;][dnxte_advanced_tab_item tab_title=\u00bbCNESST\u00bb tab_icon=\u00bb\ue08b||divi||400&#8243; use_divi_library=\u00bbon\u00bb divi_library=\u00bb987507462&#8243; tab_item_margin=\u00bb||||false|false\u00bb tab_item_padding=\u00bb20px||15px||false|false\u00bb tab_icon_placement_tablet=\u00bbcenter\u00bb tab_icon_placement_phone=\u00bbcenter\u00bb tab_icon_placement_last_edited=\u00bbon|phone\u00bb tab_item_margin_tablet=\u00bb|0px|||false|false\u00bb tab_item_margin_phone=\u00bb\u00bb tab_item_margin_last_edited=\u00bbon|desktop\u00bb _builder_version=\u00bb4.27.4&#8243; _module_preset=\u00bbdefault\u00bb default_font=\u00bbInter|600|||||||\u00bb default_text_color=\u00bb#000000&#8243; default_font_size=\u00bb18px\u00bb description_font=\u00bbInter|300|||||||\u00bb description_font_size=\u00bb15px\u00bb tab_title_font=\u00bbSukhumvit Set Text|700|||||||\u00bb tab_title_text_align=\u00bbcenter\u00bb tab_title_text_color=\u00bb#b14233&#8243; tab_title_font_size=\u00bb24px\u00bb hover_enabled=\u00bb0&#8243; tab_title_text_align_tablet=\u00bbcenter\u00bb tab_title_text_align_phone=\u00bbcenter\u00bb tab_title_text_align_last_edited=\u00bbon|phone\u00bb tab_title_font_size_tablet=\u00bb18px\u00bb tab_title_font_size_phone=\u00bb18px\u00bb tab_title_font_size_last_edited=\u00bbon|phone\u00bb border_width_bottom=\u00bb2px\u00bb border_color_bottom=\u00bb#b14233&#8243; border_radii_body_title=\u00bboff||||\u00bb global_colors_info=\u00bb{}\u00bb sticky_enabled=\u00bb0&#8243;][\/dnxte_advanced_tab_item][dnxte_advanced_tab_item tab_title=\u00bbSAAQ\u00bb tab_icon=\u00bb\ue08b||divi||400&#8243; use_divi_library=\u00bbon\u00bb divi_library=\u00bb987506178&#8243; tab_item_margin=\u00bb||||false|false\u00bb tab_item_padding=\u00bb20px||15px||false|false\u00bb tab_icon_placement_tablet=\u00bbcenter\u00bb tab_icon_placement_phone=\u00bbcenter\u00bb tab_icon_placement_last_edited=\u00bbon|phone\u00bb tab_item_margin_tablet=\u00bb|0px|||false|false\u00bb tab_item_margin_phone=\u00bb\u00bb tab_item_margin_last_edited=\u00bbon|desktop\u00bb _builder_version=\u00bb4.27.4&#8243; _module_preset=\u00bbdefault\u00bb default_font=\u00bbInter|600|||||||\u00bb default_text_color=\u00bb#000000&#8243; default_font_size=\u00bb18px\u00bb description_font=\u00bbInter|300|||||||\u00bb description_font_size=\u00bb15px\u00bb tab_title_font=\u00bbPlayfair Display|700|||||||\u00bb tab_title_text_align=\u00bbcenter\u00bb tab_title_text_color=\u00bb#b14233&#8243; tab_title_font_size=\u00bb24px\u00bb hover_enabled=\u00bb0&#8243; tab_title_text_align_tablet=\u00bbcenter\u00bb tab_title_text_align_phone=\u00bbcenter\u00bb tab_title_text_align_last_edited=\u00bbon|phone\u00bb tab_title_font_size_tablet=\u00bb18px\u00bb tab_title_font_size_phone=\u00bb18px\u00bb tab_title_font_size_last_edited=\u00bbon|phone\u00bb border_width_bottom=\u00bb2px\u00bb border_color_bottom=\u00bb#b14233&#8243; border_radii_body_title=\u00bboff||||\u00bb global_colors_info=\u00bb{}\u00bb sticky_enabled=\u00bb0&#8243;][\/dnxte_advanced_tab_item][dnxte_advanced_tab_item tab_title=\u00bbIVAC\u00bb tab_icon=\u00bb\ue08b||divi||400&#8243; use_divi_library=\u00bbon\u00bb divi_library=\u00bb987506192&#8243; tab_item_margin=\u00bb||||false|false\u00bb tab_item_padding=\u00bb20px||15px||false|false\u00bb tab_icon_placement_tablet=\u00bbcenter\u00bb tab_icon_placement_phone=\u00bbcenter\u00bb tab_icon_placement_last_edited=\u00bbon|phone\u00bb tab_item_margin_tablet=\u00bb|0px|||false|false\u00bb tab_item_margin_phone=\u00bb\u00bb tab_item_margin_last_edited=\u00bbon|desktop\u00bb _builder_version=\u00bb4.27.4&#8243; _module_preset=\u00bbdefault\u00bb default_font=\u00bbInter|600|||||||\u00bb default_text_color=\u00bb#000000&#8243; default_font_size=\u00bb18px\u00bb description_font=\u00bbInter|300|||||||\u00bb description_font_size=\u00bb15px\u00bb tab_title_font=\u00bbPlayfair Display|700|||||||\u00bb tab_title_text_align=\u00bbcenter\u00bb tab_title_text_color=\u00bb#b14233&#8243; tab_title_font_size=\u00bb24px\u00bb tab_title_text_align_tablet=\u00bbcenter\u00bb tab_title_text_align_phone=\u00bbcenter\u00bb tab_title_text_align_last_edited=\u00bbon|phone\u00bb tab_title_font_size_tablet=\u00bb18px\u00bb tab_title_font_size_phone=\u00bb18px\u00bb tab_title_font_size_last_edited=\u00bbon|phone\u00bb border_width_bottom=\u00bb2px\u00bb border_color_bottom=\u00bb#b14233&#8243; border_radii_body_title=\u00bboff||||\u00bb global_colors_info=\u00bb{}\u00bb][\/dnxte_advanced_tab_item][dnxte_advanced_tab_item tab_title=\u00bbP\u00e9rdida de Audic\u00edon\u00bb tab_icon=\u00bb\ue08b||divi||400&#8243; use_divi_library=\u00bbon\u00bb divi_library=\u00bb987506417&#8243; tab_item_margin=\u00bb||||false|false\u00bb tab_item_padding=\u00bb20px||15px||false|false\u00bb tab_icon_placement_tablet=\u00bbcenter\u00bb tab_icon_placement_phone=\u00bbcenter\u00bb tab_icon_placement_last_edited=\u00bbon|phone\u00bb tab_item_margin_tablet=\u00bb|0px|||false|false\u00bb tab_item_margin_phone=\u00bb\u00bb tab_item_margin_last_edited=\u00bbon|desktop\u00bb _builder_version=\u00bb4.27.4&#8243; _module_preset=\u00bbdefault\u00bb default_font=\u00bbInter|600|||||||\u00bb default_text_color=\u00bb#000000&#8243; default_font_size=\u00bb18px\u00bb description_font=\u00bbInter|300|||||||\u00bb description_font_size=\u00bb15px\u00bb tab_title_font=\u00bbPlayfair Display|700|||||||\u00bb tab_title_text_align=\u00bbcenter\u00bb tab_title_text_color=\u00bb#b14233&#8243; tab_title_font_size=\u00bb24px\u00bb hover_enabled=\u00bb0&#8243; tab_title_text_align_tablet=\u00bbcenter\u00bb tab_title_text_align_phone=\u00bbcenter\u00bb tab_title_text_align_last_edited=\u00bbon|phone\u00bb tab_title_font_size_tablet=\u00bb18px\u00bb tab_title_font_size_phone=\u00bb18px\u00bb tab_title_font_size_last_edited=\u00bbon|phone\u00bb border_width_bottom=\u00bb2px\u00bb border_color_bottom=\u00bb#b14233&#8243; border_radii_body_title=\u00bboff||||\u00bb box_shadow_style_body=\u00bbpreset3&#8243; box_shadow_horizontal_body=\u00bb-18px\u00bb box_shadow_vertical_body=\u00bb46px\u00bb box_shadow_blur_body=\u00bb51px\u00bb box_shadow_spread_body=\u00bb-13px\u00bb box_shadow_color_body=\u00bbRGBA(255,255,255,0)\u00bb global_colors_info=\u00bb{}\u00bb sticky_enabled=\u00bb0&#8243;][\/dnxte_advanced_tab_item][dnxte_advanced_tab_item admin_label_text=\u00bbAcoso\u00bb tab_title=\u00bbAcoso\u00bb tab_icon=\u00bb\ue08b||divi||400&#8243; use_divi_library=\u00bbon\u00bb divi_library=\u00bb987506441&#8243; tab_item_margin=\u00bb||||false|false\u00bb tab_item_padding=\u00bb20px||15px||false|false\u00bb tab_icon_placement_tablet=\u00bbcenter\u00bb tab_icon_placement_phone=\u00bbcenter\u00bb tab_icon_placement_last_edited=\u00bbon|phone\u00bb tab_item_margin_tablet=\u00bb|0px|||false|false\u00bb tab_item_margin_phone=\u00bb\u00bb tab_item_margin_last_edited=\u00bbon|desktop\u00bb _builder_version=\u00bb4.27.4&#8243; _module_preset=\u00bbdefault\u00bb default_font=\u00bbInter|600|||||||\u00bb default_text_color=\u00bb#000000&#8243; default_font_size=\u00bb18px\u00bb description_font=\u00bbInter|300|||||||\u00bb description_font_size=\u00bb15px\u00bb tab_title_font=\u00bbPlayfair Display|700|||||||\u00bb tab_title_text_align=\u00bbcenter\u00bb tab_title_text_color=\u00bb#b14233&#8243; tab_title_font_size=\u00bb24px\u00bb hover_enabled=\u00bb0&#8243; tab_title_text_align_tablet=\u00bbcenter\u00bb tab_title_text_align_phone=\u00bbcenter\u00bb tab_title_text_align_last_edited=\u00bbon|phone\u00bb tab_title_font_size_tablet=\u00bb18px\u00bb tab_title_font_size_phone=\u00bb18px\u00bb tab_title_font_size_last_edited=\u00bbon|phone\u00bb border_width_bottom=\u00bb2px\u00bb border_color_bottom=\u00bb#b14233&#8243; border_radii_body_title=\u00bboff||||\u00bb global_colors_info=\u00bb{}\u00bb sticky_enabled=\u00bb0&#8243;][\/dnxte_advanced_tab_item][dnxte_advanced_tab_item tab_title=\u00bbDiscapacidad\u00bb tab_icon=\u00bb\ue08b||divi||400&#8243; use_divi_library=\u00bbon\u00bb divi_library=\u00bb987506431&#8243; tab_item_margin=\u00bb||||false|false\u00bb tab_item_padding=\u00bb20px||15px||false|false\u00bb tab_icon_placement_tablet=\u00bbcenter\u00bb tab_icon_placement_phone=\u00bbcenter\u00bb tab_icon_placement_last_edited=\u00bbon|phone\u00bb tab_item_margin_tablet=\u00bb|0px|||false|false\u00bb tab_item_margin_phone=\u00bb\u00bb tab_item_margin_last_edited=\u00bbon|desktop\u00bb _builder_version=\u00bb4.27.4&#8243; _module_preset=\u00bbdefault\u00bb default_font=\u00bbInter|600|||||||\u00bb default_text_color=\u00bb#000000&#8243; default_font_size=\u00bb18px\u00bb description_font=\u00bbInter|300|||||||\u00bb description_font_size=\u00bb15px\u00bb tab_title_font=\u00bbPlayfair Display|700|||||||\u00bb tab_title_text_align=\u00bbcenter\u00bb tab_title_text_color=\u00bb#b14233&#8243; tab_title_font_size=\u00bb24px\u00bb hover_enabled=\u00bb0&#8243; tab_title_text_align_tablet=\u00bbcenter\u00bb tab_title_text_align_phone=\u00bbcenter\u00bb tab_title_text_align_last_edited=\u00bbon|phone\u00bb tab_title_font_size_tablet=\u00bb18px\u00bb tab_title_font_size_phone=\u00bb18px\u00bb tab_title_font_size_last_edited=\u00bbon|phone\u00bb border_width_bottom=\u00bb2px\u00bb border_color_bottom=\u00bb#b14233&#8243; border_radii_body_title=\u00bboff||||\u00bb global_colors_info=\u00bb{}\u00bb sticky_enabled=\u00bb0&#8243;][\/dnxte_advanced_tab_item][dnxte_advanced_tab_item tab_title=\u00bbAsistencia Gubernamental\u00bb tab_icon=\u00bb\ue08b||divi||400&#8243; use_divi_library=\u00bbon\u00bb divi_library=\u00bb987506455&#8243; tab_item_margin=\u00bb||||false|false\u00bb tab_item_padding=\u00bb20px||15px||false|false\u00bb tab_icon_placement_tablet=\u00bbcenter\u00bb tab_icon_placement_phone=\u00bbcenter\u00bb tab_icon_placement_last_edited=\u00bbon|phone\u00bb tab_item_margin_tablet=\u00bb|0px|||false|false\u00bb tab_item_margin_phone=\u00bb\u00bb tab_item_margin_last_edited=\u00bbon|desktop\u00bb _builder_version=\u00bb4.27.4&#8243; _module_preset=\u00bbdefault\u00bb default_font=\u00bbInter|600|||||||\u00bb default_text_color=\u00bb#000000&#8243; default_font_size=\u00bb18px\u00bb description_font=\u00bbInter|300|||||||\u00bb description_font_size=\u00bb15px\u00bb tab_title_font=\u00bbPlayfair Display|700|||||||\u00bb tab_title_text_align=\u00bbcenter\u00bb tab_title_text_color=\u00bb#b14233&#8243; tab_title_font_size=\u00bb24px\u00bb hover_enabled=\u00bb0&#8243; tab_title_text_align_tablet=\u00bbcenter\u00bb tab_title_text_align_phone=\u00bbcenter\u00bb tab_title_text_align_last_edited=\u00bbon|phone\u00bb tab_title_font_size_tablet=\u00bb18px\u00bb tab_title_font_size_phone=\u00bb18px\u00bb tab_title_font_size_last_edited=\u00bbon|phone\u00bb border_width_bottom=\u00bb2px\u00bb border_color_bottom=\u00bb#b14233&#8243; border_radii_body_title=\u00bboff||||\u00bb global_colors_info=\u00bb{}\u00bb sticky_enabled=\u00bb0&#8243;][\/dnxte_advanced_tab_item][\/dnxte_advanced_tab][\/et_pb_column][\/et_pb_row][\/et_pb_section]<\/p>\n","protected":false},"excerpt":{"rendered":"<p>Nuestras \u00e1reas de especializaci\u00f3nEstrategias personalizadas para ayudarle a comprender su reclamaci\u00f3n de indemnizaci\u00f3n y optimizar sus resultados.<div class=\"et_pb_with_border et_pb_module dnxte_advanced_tab dnxte_advanced_tab_0\">\n\t\t\t\t\n\t\t\t\t\n\t\t\t\t\n\t\t\t\t\n\t\t\t\t\n\t\t\t\t\n\t\t\t\t<div class=\"et_pb_module_inner\">\n\t\t\t\t\t<div class=\"tab-container dnxte_tab_wrapper\">\n            <div class=\"dnxte_tab_menu\" data-tab-effect=\"\u00bbsweep-to-top\u00bb\">\n               <ul><\/ul>\n            <\/div>\n            <div class=\"dnxte_body_content_wrapper\">\n                \n            <\/div>\n            <\/div>\n\t\t\t\t<\/div>\n\t\t\t<\/div><\/p>\n","protected":false},"author":2,"featured_media":0,"parent":0,"menu_order":0,"comment_status":"closed","ping_status":"closed","template":"","meta":{"_et_pb_use_builder":"on","_et_pb_old_content":"","_et_gb_content_width":"","footnotes":""},"class_list":["post-987507614","page","type-page","status-publish","hentry"],"aioseo_notices":[],"_links":{"self":[{"href":"https:\/\/consultantsdynamique.com\/es\/wp-json\/wp\/v2\/pages\/987507614","targetHints":{"allow":["GET"]}}],"collection":[{"href":"https:\/\/consultantsdynamique.com\/es\/wp-json\/wp\/v2\/pages"}],"about":[{"href":"https:\/\/consultantsdynamique.com\/es\/wp-json\/wp\/v2\/types\/page"}],"author":[{"embeddable":true,"href":"https:\/\/consultantsdynamique.com\/es\/wp-json\/wp\/v2\/users\/2"}],"replies":[{"embeddable":true,"href":"https:\/\/consultantsdynamique.com\/es\/wp-json\/wp\/v2\/comments?post=987507614"}],"version-history":[{"count":5,"href":"https:\/\/consultantsdynamique.com\/es\/wp-json\/wp\/v2\/pages\/987507614\/revisions"}],"predecessor-version":[{"id":987507628,"href":"https:\/\/consultantsdynamique.com\/es\/wp-json\/wp\/v2\/pages\/987507614\/revisions\/987507628"}],"wp:attachment":[{"href":"https:\/\/consultantsdynamique.com\/es\/wp-json\/wp\/v2\/media?parent=987507614"}],"curies":[{"name":"wp","href":"https:\/\/api.w.org\/{rel}","templated":true}]}}